{"id":2,"date":"2020-03-11T13:16:53","date_gmt":"2020-03-11T13:16:53","guid":{"rendered":"https:\/\/emesepraline.at\/?page_id=2"},"modified":"2021-02-11T10:36:26","modified_gmt":"2021-02-11T10:36:26","slug":"geschichte","status":"publish","type":"page","link":"https:\/\/emesepraline.at\/de\/video-cover\/geschichte\/","title":{"rendered":"Geschichte"},"content":{"rendered":"\r\n<p>&nbsp;<\/p>\r\n<p>&nbsp;<\/p>\r\n<p><strong><em>\u201eDie Praline vers\u00fc\u00dft das Leben mit Stil und Eleganz.\u201c (Emese D. Antal)<\/em><\/strong><\/p>\r\n<p>Ma\u00eetre Chocolatier, Johannes F. Bachhalm und ich kannten den besonderen Geschmack von ungarischem Paprikapulver und frischen Kakaobohnen. Wir wussten, dass sich diese Kombination zu einem edlen Geschmack vereinen l\u00e4sst.<\/p>\r\n<p>Mit liebevoller Pr\u00e4zision haben wir eine besondere Praline kreiert und somit unserer Idee Leben eingehaucht: EMESE \u2013 die ungarische Paprika Praline, produziert von Johannes F. Bachhalm.<\/p>\r\n<p>&nbsp;<\/p>\r\n<div id='gallery-1' class='gallery galleryid-2 gallery-columns-2 gallery-size-thumbnail'><figure class='gallery-item'>\n\t\t\t<div class='gallery-icon landscape'>\n\t\t\t\t<a href='https:\/\/emesepraline.at\/wp-content\/uploads\/2020\/07\/Emese_03_Web_Q-scaled-e1593602092992.jpg'><img width=\"280\" height=\"280\" src=\"https:\/\/emesepraline.at\/wp-content\/uploads\/2020\/07\/Emese_03_Web_Q-280x280.jpg\" class=\"attachment-thumbnail size-thumbnail\" alt=\"\" loading=\"lazy\" srcset=\"https:\/\/emesepraline.at\/wp-content\/uploads\/2020\/07\/Emese_03_Web_Q-280x280.jpg 280w, https:\/\/emesepraline.at\/wp-content\/uploads\/2020\/07\/Emese_03_Web_Q-400x400.jpg 400w, https:\/\/emesepraline.at\/wp-content\/uploads\/2020\/07\/Emese_03_Web_Q-800x800.jpg 800w, https:\/\/emesepraline.at\/wp-content\/uploads\/2020\/07\/Emese_03_Web_Q-768x768.jpg 768w, https:\/\/emesepraline.at\/wp-content\/uploads\/2020\/07\/Emese_03_Web_Q-1536x1536.jpg 1536w, https:\/\/emesepraline.at\/wp-content\/uploads\/2020\/07\/Emese_03_Web_Q-2048x2048.jpg 2048w, https:\/\/emesepraline.at\/wp-content\/uploads\/2020\/07\/Emese_03_Web_Q-144x144.jpg 144w, https:\/\/emesepraline.at\/wp-content\/uploads\/2020\/07\/Emese_03_Web_Q-510x510.jpg 510w, https:\/\/emesepraline.at\/wp-content\/uploads\/2020\/07\/Emese_03_Web_Q-100x100.jpg 100w, https:\/\/emesepraline.at\/wp-content\/uploads\/2020\/07\/Emese_03_Web_Q-64x64.jpg 64w, https:\/\/emesepraline.at\/wp-content\/uploads\/2020\/07\/Emese_03_Web_Q-scaled-e1593602092992.jpg 500w\" sizes=\"(max-width: 280px) 100vw, 280px\" \/><\/a>\n\t\t\t<\/div><\/figure><figure class='gallery-item'>\n\t\t\t<div class='gallery-icon landscape'>\n\t\t\t\t<a href='https:\/\/emesepraline.at\/wp-content\/uploads\/2020\/06\/shutterstock_1169822356-Kopie-scaled-e1593511578191.jpg'><img width=\"280\" height=\"280\" src=\"https:\/\/emesepraline.at\/wp-content\/uploads\/2020\/06\/shutterstock_1169822356-Kopie-280x280.jpg\" class=\"attachment-thumbnail size-thumbnail\" alt=\"\" loading=\"lazy\" srcset=\"https:\/\/emesepraline.at\/wp-content\/uploads\/2020\/06\/shutterstock_1169822356-Kopie-280x280.jpg 280w, https:\/\/emesepraline.at\/wp-content\/uploads\/2020\/06\/shutterstock_1169822356-Kopie-144x144.jpg 144w, https:\/\/emesepraline.at\/wp-content\/uploads\/2020\/06\/shutterstock_1169822356-Kopie-510x510.jpg 510w, https:\/\/emesepraline.at\/wp-content\/uploads\/2020\/06\/shutterstock_1169822356-Kopie-100x100.jpg 100w\" sizes=\"(max-width: 280px) 100vw, 280px\" \/><\/a>\n\t\t\t<\/div><\/figure>\n\t\t<\/div>\n\r\n<p>&nbsp;<\/p>\r\n<p><strong>EMESE \u2013 Ungarische Paprika Praline<\/strong><\/p>\r\n<p>Die Praline stellt sich vor: Wunderbar feuriges Rot, die Schokolade dezent bitter, aber trotzdem herzhaft s\u00fc\u00df, weil das Paprikapulver mit seinem temperamentvollen herb \u2013 s\u00fc\u00dflich \u2013 scharfen Geschmack die Schokolade zum Cs\u00e1rd\u00e1s auffordert. Gemeinsam sind sie unwiderstehlich, ein wahrlicher Hochgenuss f\u00fcr jene, die ihrem Gaumen mehr als nur Schokolade g\u00f6nnen und dabei ihr Herz tanzen lassen wollen.<\/p>\r\n<p>&nbsp;<\/p>\r\n<p><strong><em>\u201eMore than just a chocolate. Taste the Hungarian Spirit.\u201c<\/em><\/strong><\/p>\r\n<div id='gallery-2' class='gallery galleryid-2 gallery-columns-2 gallery-size-thumbnail'><figure class='gallery-item'>\n\t\t\t<div class='gallery-icon landscape'>\n\t\t\t\t<a href='https:\/\/emesepraline.at\/wp-content\/uploads\/2020\/06\/Emese_neu_vid.jpg'><img width=\"280\" height=\"280\" src=\"https:\/\/emesepraline.at\/wp-content\/uploads\/2020\/06\/Emese_neu_vid-280x280.jpg\" class=\"attachment-thumbnail size-thumbnail\" alt=\"\" loading=\"lazy\" srcset=\"https:\/\/emesepraline.at\/wp-content\/uploads\/2020\/06\/Emese_neu_vid-280x280.jpg 280w, https:\/\/emesepraline.at\/wp-content\/uploads\/2020\/06\/Emese_neu_vid-510x510.jpg 510w, https:\/\/emesepraline.at\/wp-content\/uploads\/2020\/06\/Emese_neu_vid-100x100.jpg 100w\" sizes=\"(max-width: 280px) 100vw, 280px\" \/><\/a>\n\t\t\t<\/div><\/figure><figure class='gallery-item'>\n\t\t\t<div class='gallery-icon landscape'>\n\t\t\t\t<a href='https:\/\/emesepraline.at\/wp-content\/uploads\/2020\/06\/shutterstock_726159694-Kopie_500-1.jpg'><img width=\"280\" height=\"280\" src=\"https:\/\/emesepraline.at\/wp-content\/uploads\/2020\/06\/shutterstock_726159694-Kopie_500-1-280x280.jpg\" class=\"attachment-thumbnail size-thumbnail\" alt=\"\" loading=\"lazy\" srcset=\"https:\/\/emesepraline.at\/wp-content\/uploads\/2020\/06\/shutterstock_726159694-Kopie_500-1-280x280.jpg 280w, https:\/\/emesepraline.at\/wp-content\/uploads\/2020\/06\/shutterstock_726159694-Kopie_500-1-144x144.jpg 144w, https:\/\/emesepraline.at\/wp-content\/uploads\/2020\/06\/shutterstock_726159694-Kopie_500-1-100x100.jpg 100w\" sizes=\"(max-width: 280px) 100vw, 280px\" \/><\/a>\n\t\t\t<\/div><\/figure>\n\t\t<\/div>\n\r\n<p>&nbsp;<\/p>\r\n<p>Wie sollen die Menschen die Seele Ungarns und die Vielfalt der ungarischen Mentalit\u00e4t \u201eerschmecken\u201c, wenn sie die Paprikapraline kosten? Man nehme die Praline als Dessert nach einem ungarischen Guly\u00e1s oder genie\u00dft sie zum Kaffee, denn da entfaltet sich der Geschmack der roten Paprika im ganzen Mund. \u00a0<\/p>\r\n<p>Man sagt, K\u00e4se schlie\u00dft den Magen. Johannes und ich sagen, unsere Paprikapraline \u00f6ffnet das Herz und macht Lust auf mehr.<\/p>\r\n<p>Sie ist feurig scharf, nobel s\u00fc\u00df, zur\u00fcckhaltend bitter, dabei herrlich cremig aber lieblich bestimmt, nach frischen Kakaobohnen duftend und den magischen Geschmack der lebhaften ungarischen Paprika verteilend. H\u00e4lt man die Praline zwischen Zeigefinger und Daumen, wirkt sie seidig und m\u00f6chte von allen unseren Sinnen entdeckt werden. Das pure Gef\u00fchl der ungarischen Lebensfreude.<\/p>\r\n<p>Aus all diesen Eindr\u00fccken und Gedanken entstand diese Praline aus Liebe zum Detail.<\/p>\r\n<p>&nbsp;<\/p>\r\n<p><strong>Kombinationen mit Whisky, Rum und Rotwein<\/strong><strong>\u00a0<\/strong><\/p>\r\n<p>Wir machten sp\u00e4ter noch einige besondere Verkostungen mit Whisky, Rum, Rotwein und der EMESE Paprika Praline. Diese Kombinationen zeigten uns, wie treffend die Beschreibung \u00a0&#8211; <em>\u201eMore than just a chocolate. Taste the Hungarian Spirit.\u201c- <\/em>ist. Die Ungarische Mentalit\u00e4t ist vielf\u00e4ltig, doch sie verliert den \u201eroten Faden\u201c nicht, genau wie die Paprika Praline.<\/p>\r\n<p>Sie spiegelt meine verspielte Seele und die jahrzehntelange Erfahrung\u00a0 in der Schokoladenherstellung von Johannes F. Bachhalm wieder, der sich \u00fcber zahlreiche internationale Preise und Auszeichnungen als Ma\u00eetre Chocolatier erfreut.<\/p>\r\n<p>Viel Spa\u00df beim Genie\u00dfen unserer EMESE Paprika Praline!<\/p>\r\n<div id='gallery-3' class='gallery galleryid-2 gallery-columns-1 gallery-size-medium'><figure class='gallery-item'>\n\t\t\t<div class='gallery-icon landscape'>\n\t\t\t\t<a href='https:\/\/emesepraline.at\/wp-content\/uploads\/2020\/06\/Unterschrift_Emese.jpg'><img width=\"300\" height=\"169\" src=\"https:\/\/emesepraline.at\/wp-content\/uploads\/2020\/06\/Unterschrift_Emese.jpg\" class=\"attachment-medium size-medium\" alt=\"\" loading=\"lazy\" srcset=\"https:\/\/emesepraline.at\/wp-content\/uploads\/2020\/06\/Unterschrift_Emese.jpg 300w, https:\/\/emesepraline.at\/wp-content\/uploads\/2020\/06\/Unterschrift_Emese-64x36.jpg 64w\" sizes=\"(max-width: 300px) 100vw, 300px\" \/><\/a>\n\t\t\t<\/div><\/figure>\n\t\t<\/div>\n\r\n<p>Emese D. Antal<\/p>\r\n<p>&nbsp;<\/p>\r\n","protected":false},"excerpt":{"rendered":"<p>&nbsp; &nbsp; \u201eDie Praline vers\u00fc\u00dft das Leben mit Stil und Eleganz.\u201c (Emese D. Antal) Ma\u00eetre Chocolatier, Johannes F. Bachhalm und ich kannten den besonderen Geschmack von ungarischem Paprikapulver und frischen Kakaobohnen. Wir wussten, dass sich diese Kombination zu einem edlen Geschmack vereinen l\u00e4sst. Mit liebevoller Pr\u00e4zision haben wir eine besondere Praline kreiert und somit unserer [&#8230;]\n","protected":false},"author":1,"featured_media":0,"parent":0,"menu_order":0,"comment_status":"closed","ping_status":"open","template":"","meta":{"spay_email":""},"_links":{"self":[{"href":"https:\/\/emesepraline.at\/de\/video-cover\/wp-json\/wp\/v2\/pages\/2"}],"collection":[{"href":"https:\/\/emesepraline.at\/de\/video-cover\/wp-json\/wp\/v2\/pages"}],"about":[{"href":"https:\/\/emesepraline.at\/de\/video-cover\/wp-json\/wp\/v2\/types\/page"}],"author":[{"embeddable":true,"href":"https:\/\/emesepraline.at\/de\/video-cover\/wp-json\/wp\/v2\/users\/1"}],"replies":[{"embeddable":true,"href":"https:\/\/emesepraline.at\/de\/video-cover\/wp-json\/wp\/v2\/comments?post=2"}],"version-history":[{"count":34,"href":"https:\/\/emesepraline.at\/de\/video-cover\/wp-json\/wp\/v2\/pages\/2\/revisions"}],"predecessor-version":[{"id":1004,"href":"https:\/\/emesepraline.at\/de\/video-cover\/wp-json\/wp\/v2\/pages\/2\/revisions\/1004"}],"wp:attachment":[{"href":"https:\/\/emesepraline.at\/de\/video-cover\/wp-json\/wp\/v2\/media?parent=2"}],"curies":[{"name":"wp","href":"https:\/\/api.w.org\/{rel}","templated":true}]}}