{"id":3,"date":"2020-03-11T13:16:53","date_gmt":"2020-03-11T13:16:53","guid":{"rendered":"https:\/\/emesepraline.at\/?page_id=3"},"modified":"2020-06-25T10:26:57","modified_gmt":"2020-06-25T10:26:57","slug":"privacy-policy","status":"publish","type":"page","link":"https:\/\/emesepraline.at\/de\/video-cover\/privacy-policy\/","title":{"rendered":"Datenschutzerkl\u00e4rung"},"content":{"rendered":"\r\n<p>&nbsp;<\/p>\r\n<p>&nbsp;<\/p>\r\n<p><span style=\"color: #333333;\">AGB<\/span><\/p>\r\n<div class=\"page\" title=\"Page 1\">\r\n<div class=\"layoutArea\">\r\n<div class=\"column\">\r\n<h4>Allgemeine Gesch\u00e4ftsbedingungen 1. Geltungsbereich<\/h4>\r\n<div class=\"page\" title=\"Page 1\">\r\n<div class=\"layoutArea\">\r\n<div class=\"column\">\r\n<h6>1. Geltungsbereich<\/h6>\r\n<p>Diese Allgemeinen Gesch\u00e4ftsbedingungen gelten f\u00fcr alle Bestellungen, die im Online Shop von Emese D\u00f6rfler-Antal get\u00e4tigt werden.<\/p>\r\n<h6>2. Vertragsabschluss<\/h6>\r\n<p>Ihre Bestellung stellt ein Angebot an uns zum Abschluss eines Kaufvertrages dar. Sobald Sie im Onlineshop eine Bestellung aufgeben, schicken wir Ihnen ein Email, das den Eingang Ihrer Bestellung bei uns best\u00e4tigt und f\u00fcr uns einen Kaufvertrag darstellt. Im Rahmen des Bestellvorgangs erfolgt dann die Bezahlung (Abbuchung von Ihrer Kreditkarte, Sofort\u00fcberweisung oder Rechnung), im Anschluss daran werden Ihnen die bestellten Produkte per \u00d6sterreichischer Post geliefert. Sobald sich die bestellte Ware in Auslieferung befindet, werden Sie dar\u00fcber per Mail informiert.<\/p>\r\n<\/div>\r\n<\/div>\r\n<\/div>\r\n<h6>3. Preise, Zahlung<\/h6>\r\n<p>a. Die auf den Produktseiten genannten Preise enthalten die gesetzliche Mehrwertsteuer und sonstige Preisbestandteile. Die Versandkosten werden im letzten Schritt des Bestellvorganges angef\u00fchrt.<\/p>\r\n<p>b. Die Zahlung kann wahlweise erfolgen: Rechnung, Kreditkarte oder per Sofort\u00fcberweisung.<\/p>\r\n<p>c. Geraten Sie mit der Zahlung in Verzug, so sind Sie zur Zahlung der gesetzlichen Verzugszinsen verpflichtet. Bei Verbrauchergesch\u00e4ften gilt ein gesetzlicher Verzugszinssatz von 4% pro Jahr. F\u00fcr Gesch\u00e4fte zwischen Unternehmen gilt ein gesetzlicher Verzugszinssatz von 9,2% \u00fcber dem Basiszinssatz.<\/p>\r\n<h6>4. Lieferung, Eigentumsvorbehalt<\/h6>\r\n<p>a. Sofern nicht anders vereinbart, erfolgt die Lieferung der Ware von unserem Lager an die von Ihnen angegebene Adresse.<\/p>\r\n<p>b. Die Ware bleibt bis zur vollst\u00e4ndigen Zahlung des Kaufpreises unser Eigentum.<\/p>\r\n<h6>5. Anzuwendendes Recht, Gerichtsbarkeit und Zust\u00e4ndigkeit<\/h6>\r\n<p>Wir bem\u00fchen uns unseren Kunden soweit als m\u00f6glich entgegenzukommen. Sollte es zu Rechtsstreitigkeiten kommen wird die Anwendung des \u00f6sterreichischen Rechts vereinbart.<\/p>\r\n<\/div>\r\n<\/div>\r\n<\/div>\r\n<div class=\"page\" title=\"Page 2\">\r\n<div class=\"layoutArea\">\r\n<div class=\"column\">\r\n<h6>6. Widerruf<\/h6>\r\n<p>Der Besteller hat bei unseren Produkten kein Widerrufsrecht. Sollte die Ware einen nachvollziehbaren Fehler aufweisen, erhalten Sie von uns die jeweilige Pralinen Schachtel ersetzt, vorausgesetzt, der ge\u00f6ffneter Schachtel ist noch mindestens zu drei Vierteln voll. Die Kosten der R\u00fccksendung m\u00fcssen vom Besteller getragen werden, die Kosten der erneuten Sendung \u00fcbernimmt Emese D\u00f6rfler-Antal.<\/p>\r\n<h6>7. Lieferung<\/h6>\r\n<p>Der Versand von Pralinen erfolgt \u00fcberwiegend durch die \u00d6sterreichische Post. Die entsprechenden Versandkosten werden Ihnen im Laufe des Bestellvorgangs (unmittelbar vor dem Bestellabschluss) angezeigt und dem gesamten Rechnungsbetrag hinzugerechnet. Die Lieferung erfolgt an die vom Besteller angegebene Lieferadresse. Sollte die Lieferung an den Besteller nicht m\u00f6glich sein, weil der Besteller zum Zeitpunkt der Paket\u00fcbergabe nicht an der von ihm angegebenen Lieferadresse angetroffen wird, hinterl\u00e4sst die \u00d6sterreichische Post an der Lieferadresse einen Paketschein mit der Information, zu welchem Zeitpunkt das Paket erneut zugestellt wird. Dies erfolgt im zweimaligen Versuch. Sollte das Paket bei der Hinterlegungsstelle der \u00d6sterreichischen Post nicht abgeholt werden zahlt der Empf\u00e4nger die Kosten der R\u00fccksendung.<\/p>\r\n<h6>8. Transportsch\u00e4den<\/h6>\r\n<p>Werden Waren mit offensichtlichen Transportsch\u00e4den angeliefert, so reklamieren Sie solche Fehler bitte sofort bei dem Zusteller und nehmen Sie Kontakt mit uns auf. F\u00fcr etwaige Transportkosten kommt Emese D\u00f6rfler-Antal auf.<\/p>\r\n<h6>9. Erhebung, Verarbeitung und Nutzung von pers\u00f6nlichen Informationen unserer Kunden<\/h6>\r\n<p>Informationen, die wir von Ihnen bekommen, helfen uns, Ihren Einkauf im Onlineshop Emese D\u00f6rfler-Antal zu erleichtern. Wir nutzen die Informationen f\u00fcr die Abwicklung von Bestellungen und die Lieferung der Waren sowie f\u00fcr die Abwicklung der Zahlung. Wir nutzen Ihre Informationen auch dazu, unser Service und unsere Internet-Plattform zu verbessern, einen Missbrauch unserer Website vorzubeugen oder einen zu entdecken. Informationen \u00fcber die pers\u00f6nlichen Daten des Bestellers oder der anfragenden Person werden von uns stets mit \u00e4u\u00dferster Diskretion behandelt und nicht an Dritte weitergegeben.<\/p>\r\n<h6>10. Datenschutzhinweis<\/h6>\r\n<p>Erhebung, Verarbeitung und Nutzung personenbezogener Daten.<br \/>Diese Datenschutzerkl\u00e4rung gilt f\u00fcr die Nutzung des Internetauftrittes von Emese D\u00f6rfler-Antal:<\/p>\r\n<p>Die Website www.emesepraline.at sowie der darin integrierte Online-Shop (nachfolgend gemeinsam \u201eWebsite\u201c) wird von Emese D\u00f6rfler-Antal, Goethestr. 13, 6020 Innsbruck, \u00d6sterreich, betrieben.<\/p>\r\n<\/div>\r\n<\/div>\r\n<\/div>\r\n<div class=\"page\" title=\"Page 3\">\r\n<div class=\"layoutArea\">\r\n<div class=\"column\">\r\n<p>Emese D\u00f6rfler-Antal legt gro\u00dfen Wert auf den Schutz Ihrer personenbezogenen Daten und erhebt, verarbeitet und nutzt Ihre personenbezogenen Daten ausschlie\u00dflich in \u00dcbereinstimmung mit den nachfolgend beschriebenen Grunds\u00e4tzen und unter Beachtung der anwendbaren Datenschutzgesetze.<\/p>\r\n<p>\u00a0 \u00a0 \u00a01. Ihre personenbezogenen Daten<\/p>\r\n<p>Personenbezogene Daten sind alle Angaben, die sich auf eine bestimmte oder bestimmbare Person beziehen. Dazu geh\u00f6ren zum Beispiel Ihr Name, Ihre Telefonnummer oder Ihre Post- und E-Mail-Adresse.<\/p>\r\n<p>\u00a0 \u00a0 \u00a02. Bestellungen im Online-Shop<\/p>\r\n<p>Sie geben die zur Abwicklung Ihrer Bestellung erforderlichen Informationen im Rahmen der jeweiligen Bestellung ein (Anrede, Vor- und Nachnamen, Postanschrift, Geburtsdatum, E- Mail-Adresse sowie freiwillig zus\u00e4tzlich Ihre Telefonnummer) und \u00fcbermitteln diese Angaben im Rahmen des Bestellprozesses direkt an Emese D\u00f6rfler-Antal.<\/p>\r\n<h6>11. Bonit\u00e4tspr\u00fcfung<\/h6>\r\n<p>Sofern wir in Vorleistung treten (insbesondere bei einem Kauf auf Rechnung) behalten wir uns das Recht vor, zur Wahrung unserer berechtigten Interessen eine Bonit\u00e4tsauskunft \u00fcber die Real Inkasso GmbH &amp; Co. KG einzuholen. Sofern Sie im Rahmen des Bestellprozesses die Bezahlung per Rechnung ausw\u00e4hlen, \u00fcbermitteln wir die von Ihnen im Rahmen des Bestellprozesses angegebenen personenbezogenen Daten (Vor- und Nachname, Postanschrift sowie Geburtsdatum) an eine der beiden oben genannten Auskunfteien, welche uns die entsprechende Bonit\u00e4tsauskunft \u00fcber Sie erteilt. Die Bonit\u00e4tsauskunft kann einerseits Informationen \u00fcber vorliegende konkrete Zahlungsst\u00f6rungen, wie z.B. aus Schuldnerverzeichnissen oder Daten aus gerichtlichen Mahnverfahren enthalten. Andererseits kann die Auskunft auch sogenannte Score-Werte auff\u00fchren, die auf Basis eines wissenschaftlich anerkannten mathematisch-statistischen Verfahrens berechnet und zur Beurteilung des Kreditrisikos herangezogen werden. Sofern Sie hierin eingewilligt haben, werden wir die \u00fcber Sie eingeholte Bonit\u00e4tsauskunft f\u00fcr ein Jahr speichern und die in der Auskunft enthaltenen Informationen f\u00fcr Ihre zuk\u00fcnftigen K\u00e4ufe auf Rechnung innerhalb dieses Zeitraumes ber\u00fccksichtigen.<\/p>\r\n<h6>12. Kontaktaufnahme<\/h6>\r\n<p>Sie k\u00f6nnen per Mail emese@emesepraline.at direkt mit Emese D\u00f6rfler-Antal in Verbindung treten. Emese D\u00f6rfler-Antal erhebt, verarbeitet und nutzt die von Ihnen \u00fcber das Kontaktformular mitgeteilten Informationen (Anrede, Vor- und Nachnamen, E-Mail-Adresse, Betreff und Inhalt Ihrer Nachricht) ausschlie\u00dflich f\u00fcr die Bearbeitung Ihres Anliegens.<\/p>\r\n<h6>13. Einsatz von Logistikprovidern und weiteren Dienstleistern<\/h6>\r\n<p>Zur Versendung Ihrer Bestellung stellt Peter Affenzeller Ihre personenbezogenen Daten unseren Logistikprovidern zur Verf\u00fcgung, die diese Daten im Auftrag von Peter Affenzeller und unter Einhaltung der erforderlichen Sicherheitsma\u00dfnahmen ausschlie\u00dflich zum Zweck\u00a0<span style=\"font-size: 1rem;\">der Erf\u00fcllung des Vertrages verarbeiten. Zudem setzen wir f\u00fcr die Erbringung bestimmter Dienstleistungen (insbesondere f\u00fcr den Kundenservice sowie zum Hosting und der Pflege der Website) weitere spezialisierte Dienstleister ein, die Ihre personenbezogenen Daten in unserem Auftrag und ausschlie\u00dflich gem\u00e4\u00df unseren Weisungen verarbeiten (Datenverarbeitung im Auftrag, \u00a7 11 BDSG).<\/span><\/p>\r\n<\/div>\r\n<\/div>\r\n<\/div>\r\n<div class=\"page\" title=\"Page 4\">\r\n<div class=\"layoutArea\">\r\n<div class=\"column\">\r\n<h6>14. Cookies<\/h6>\r\n<p>Emese D\u00f6rfler-Antal setzt auf der Website sog. Cookies ein. Cookies sind kleine Textdateien, die im Zwischenspeicher Ihres Browsers abgelegt werden, um eine Wiedererkennung ihres Browsers zu erm\u00f6glichen und Ihren Besuch auf unserer Website noch attraktiver zu gestalten. Dabei verwenden wir sog. Sitzungs-Cookies und sog. persistente Cookies.<\/p>\r\n<p>Sitzungs-Cookies verlieren bei Verlassen der Website automatisch ihre G\u00fcltigkeit. Persistente Cookies verbleiben f\u00fcr einen l\u00e4ngeren Zeitraum auf Ihrem Endger\u00e4t und erm\u00f6glichen uns etwa den Inhalt Ihres Warenkorbes oder die L\u00e4ndereinstellungen zu speichern sowie die nachfolgend beschriebenen Tools zur Webanalyse- und individualisierten Zielgruppenansprache (Targeting) zu nutzen. Der eingesetzte Cookie erm\u00f6glicht uns auf Grundlage der von Ihnen auf unserer Website ausgew\u00e4hlten Produkte weitere passende Produktvorschl\u00e4ge im Rahmen des Bestellprozesses auf unserer Website anzuzeigen. Selbstverst\u00e4ndlich k\u00f6nnen Sie unsere Website auch besuchen, ohne dass auf Ihrem Browser Cookies gespeichert werden. Sie k\u00f6nnen die Speicherung von Cookies in den Einstellungen Ihres Browsers jederzeit einschr\u00e4nken oder deaktivieren, was aber zu Einschr\u00e4nkungen der Funktionen und der Benutzerfreundlichkeit unserer Website f\u00fchren kann.<\/p>\r\n<h6>15. Einwilligung in Ma\u00dfnahmen zur Missbrauchsverhinderung und \u2013 Erkennung<\/h6>\r\n<p>Ich willige darin ein, dass 1) meine Daten zur Vertragsabwicklung (bspw. Kaufgegenstand, Namen, Postanschrift, E-Mail-Adresse, Lieferanschrift, Bezahlweise und Bankdaten) und 2) die Nutzungsdaten meiner Webseitenbesuche dieses Onlineshops (bspw. Angaben \u00fcber Beginn, Ende und Umfang der besuchten Webseiten sowie Klickpfade) zusammen mit 3) einem Cookie (d.h. einer kleinen Textdatei, die lokal im Zwischenspeicher des Webbrowsers gespeichert wird) und\/oder einer Besucher-ID, die jeweils anonyme Daten meiner beim Besuch der Webseiten benutzten Endger\u00e4te enthalten k\u00f6nnen (bspw. meine Bildschirmaufl\u00f6sung oder meine Betriebssystemversion) und \u00fcber die meine verwendeten Endger\u00e4te mit einer gewissen Wahrscheinlichkeit bei weiteren Besuchen wiedererkannt werden k\u00f6nnen, von diesem Onlineshop mit dem Zweck erhoben, verarbeitet und genutzt werden, automatisiert zu pr\u00fcfen, ob Anhaltspunkte f\u00fcr einen Missbrauch des Onlineshops bestehen. Ich versichere, dass ich diese Einwilligung bzgl. aller von mir beim Besuch dieses Onlineshops verwendeten Endger\u00e4te abgeben darf, und dass ich Dritte, denen ich meine dabei verwendeten Endger\u00e4te \u00fcberlasse, \u00fcber diese Einwilligung informiere und sicherstelle, dass diese ebenfalls mit den beschriebenen Ma\u00dfnahmen einverstanden sind bzw. andernfalls diesen Onlineshop nicht mit meinen Endger\u00e4ten besuchen. Die Nutzungsdaten meiner Webseitenbesuche werden einer Datenbank entnommen, in der sie unter einem Pseudonym gespeichert sind. Details dazu k\u00f6nnen dem Kapitel \u201eWerbung, Marktforschung und bedarfsgerechten Gestaltung von Webseiten\u201c dieser Datenschutzerkl\u00e4rung entnommen werden. Besteht ein Missbrauchsverdacht, \u00fcberpr\u00fcft ein Mitarbeiter des Onlineshops die Bewertung und die zugrunde liegenden Anhaltspunkte. Wird ein Vertragsschluss abgelehnt, wird mir dies mitgeteilt und es werden mir, auf Verlangen, die wesentlichen Gr\u00fcnde der<\/p>\r\n<\/div>\r\n<\/div>\r\n<\/div>\r\n<div class=\"page\" title=\"Page 5\">\r\n<div class=\"layoutArea\">\r\n<div class=\"column\">\r\n<p>Entscheidung genannt. machen, worauf die Entscheidung nochmals von einem Mitarbeiter \u00fcberpr\u00fcft wird. Diese Einwilligung kann ich jederzeit formlos mit Wirkung f\u00fcr die Zukunft gegen\u00fcber dem Onlineshop widerrufen. Eine weitere Nutzung des Onlineshop kann dann nach Wahl des Onlineshops ggf. nicht mehr erfolgen.<\/p>\r\n<h6>16. Werbung, Marktforschung und bedarfsgerechte Gestaltung von Webseiten<\/h6>\r\n<p>Auf dieser Webseite k\u00f6nnen Nutzungsdaten Ihres Webseitenbesuchs (bspw. Angaben \u00fcber Beginn, Ende und Umfang eines Webseitenbesuchs und Klickpfade) zu Zwecken der Werbung, Marktforschung und bedarfsgerechten Gestaltung dieser Webseiten gesammelt, gespeichert und genutzt werden. Die Daten werden unter einem Pseudonym zu einem Nutzungsprofil gespeichert. Dabei k\u00f6nnen Cookies (d.h. kleine Textdateien, die lokal im Zwischenspeicher des Webbrowsers gespeichert werden) und\/oder eine Besucher-ID, die Daten Ihres beim Besuch der Webseiten benutzten Endger\u00e4ts enthalten, eingesetzt werden. Cookies und Besucher-ID erm\u00f6glichen die Wiedererkennung Ihres Endger\u00e4ts mit einer gewissen Wahrscheinlichkeit. Die gesammelten Daten werden ohne Ihre explizite und gesonderte Einwilligung (bspw. nach der Einwilligung gem. dem Kapitel \u201eEinwilligung in Ma\u00dfnahmen zur Missbrauchsverhinderung und -erkennung\u201c nicht dazu verwendet, sie zu identifizieren oder mit Daten \u00fcber den Tr\u00e4ger des Pseudonyms zusammenzuf\u00fchren. Sie k\u00f6nnen der Datenerhebung, -speicherung und Nutzung zu Zwecken der Werbung, Marktforschung und bedarfsgerechten Gestaltung jederzeit mit Wirkung f\u00fcr die Zukunft widersprechen. Die Nutzungsprofile werden dann trotz einer evtl. abgegebenen Einwilligung gem. dem Kapitel \u201eEinwilligung in Ma\u00dfnahmen zur Missbrauchsverhinderung und \u2013 Erkennung\u201c auch nicht mehr zu Zwecken der Missbrauchsverhinderung und -Erkennung verwendet.<\/p>\r\n<h6>17. Auskunft und Berichtigung<\/h6>\r\n<p>Sie haben ein Recht auf unentgeltliche Auskunft \u00fcber die zu Ihrer Person gespeicherten Daten und k\u00f6nnen gegebenenfalls deren L\u00f6schung, Berichtigung oder Sperrung verlangen. Emese D\u00f6rfler-Antal erreichen Sie unter der E-Mailadresse emese@emesepraline.at oder unter den im Impressum angegebenen Kontaktdaten. Wir stehen Ihnen gerne auch f\u00fcr weitergehende Fragen zum Datenschutz und zur Verarbeitung Ihrer personenbezogenen Daten zur Verf\u00fcgung.<\/p>\r\n<h6>18. Unsere Daten<\/h6>\r\nEmese D\u00f6rfler-Antal<\/div>\r\n<div class=\"column\">Goethestr. 13<br \/>6020 Innsbruck<br \/>UID Nummer: ATU 64236428<\/div>\r\n<div>\u00a0<\/div>\r\n<h6 class=\"column\">19. Gerichtsstand<\/h6>\r\n<div class=\"column\">\r\n<p><span style=\"font-size: 1rem; font-weight: 400;\">F\u00fcr eventuelle Streitigkeiten aus diesem Vertragsverh\u00e4ltnis ist ausschlie\u00dflich das sachlich zust\u00e4ndige Gericht in Innsbruck zust\u00e4ndig. Es gilt \u00f6sterreichisches Recht.<\/span><\/p>\r\n<\/div>\r\n<\/div>\r\n<\/div>\r\n<div class=\"page\" title=\"Page 6\">\r\n<div class=\"layoutArea\">\r\n<div class=\"column\">\r\n<h6>\u00a0<\/h6>\r\n<h6>20. Erkl\u00e4rung zur Informationspflicht<\/h6>\r\n<p>(Datenschutzerkl\u00e4rung)<\/p>\r\n<p>Der Schutz Ihrer pers\u00f6nlichen Daten ist uns ein besonderes Anliegen. Wir verarbeiten Ihre Daten daher ausschlie\u00dflich auf Grundlage der gesetzlichen Bestimmungen (DSGVO, TKG 2003). In diesen Datenschutzinformationen informieren wir Sie \u00fcber die wichtigsten Aspekte der Datenverarbeitung im Rahmen unserer Website.<\/p>\r\n<h6>21. Kontakt mit uns<\/h6>\r\n<p>Wenn Sie per E-Mail Kontakt mit uns aufnehmen, werden Ihre angegebenen Daten zwecks Bearbeitung der Anfrage und f\u00fcr den Fall von Anschlussfragen sechs Monate bei uns gespeichert. Diese Daten geben wir nicht ohne Ihre Einwilligung weiter.<\/p>\r\n<\/div>\r\n<\/div>\r\n<\/div>\r\n","protected":false},"excerpt":{"rendered":"<p>&nbsp; &nbsp; AGB Allgemeine Gesch\u00e4ftsbedingungen 1. Geltungsbereich 1. Geltungsbereich Diese Allgemeinen Gesch\u00e4ftsbedingungen gelten f\u00fcr alle Bestellungen, die im Online Shop von Emese D\u00f6rfler-Antal get\u00e4tigt werden. 2. Vertragsabschluss Ihre Bestellung stellt ein Angebot an uns zum Abschluss eines Kaufvertrages dar. Sobald Sie im Onlineshop eine Bestellung aufgeben, schicken wir Ihnen ein Email, das den Eingang Ihrer [&#8230;]\n","protected":false},"author":1,"featured_media":0,"parent":0,"menu_order":0,"comment_status":"closed","ping_status":"open","template":"","meta":{"spay_email":""},"_links":{"self":[{"href":"https:\/\/emesepraline.at\/de\/video-cover\/wp-json\/wp\/v2\/pages\/3"}],"collection":[{"href":"https:\/\/emesepraline.at\/de\/video-cover\/wp-json\/wp\/v2\/pages"}],"about":[{"href":"https:\/\/emesepraline.at\/de\/video-cover\/wp-json\/wp\/v2\/types\/page"}],"author":[{"embeddable":true,"href":"https:\/\/emesepraline.at\/de\/video-cover\/wp-json\/wp\/v2\/users\/1"}],"replies":[{"embeddable":true,"href":"https:\/\/emesepraline.at\/de\/video-cover\/wp-json\/wp\/v2\/comments?post=3"}],"version-history":[{"count":14,"href":"https:\/\/emesepraline.at\/de\/video-cover\/wp-json\/wp\/v2\/pages\/3\/revisions"}],"predecessor-version":[{"id":751,"href":"https:\/\/emesepraline.at\/de\/video-cover\/wp-json\/wp\/v2\/pages\/3\/revisions\/751"}],"wp:attachment":[{"href":"https:\/\/emesepraline.at\/de\/video-cover\/wp-json\/wp\/v2\/media?parent=3"}],"curies":[{"name":"wp","href":"https:\/\/api.w.org\/{rel}","templated":true}]}}