{"id":46,"date":"2020-03-11T15:14:01","date_gmt":"2020-03-11T15:14:01","guid":{"rendered":"https:\/\/emesepraline.at\/index.php\/shop\/"},"modified":"2020-06-22T07:43:39","modified_gmt":"2020-06-22T07:43:39","slug":"webshop","status":"publish","type":"page","link":"https:\/\/emesepraline.at\/de\/video-cover\/webshop\/","title":{"rendered":"Webshop"},"content":{"rendered":"<p>&nbsp;<\/p>\n<p>&nbsp;<\/p>\n<p>&nbsp;<\/p>\n<p><a href=\"https:\/\/emesepraline.at\/shop\/\">Hier<\/a> im Webshop k\u00f6nnen Sie EMESE, ungarische Paprika Schokolade, erwerben. Suchen Sie Ihren Liebling aus und bestellen Sie gleich noch heute. Entweder f\u00fcr Sie allein, oder als Geschenk f\u00fcr besondere Anl\u00e4sse.<\/p>\n<p>&nbsp;<\/p>\n<p>&nbsp;<\/p>\n<p>&nbsp;<\/p>\n<p>&nbsp;<\/p>\n<p>&nbsp;<\/p>\n<p>&nbsp;<\/p>\n<p>&nbsp;<\/p>\n<p>&nbsp;<\/p>\n<p>&nbsp;<\/p>\n<p>&nbsp;<\/p>\n<p>&nbsp;<\/p>\n<p>&nbsp;<\/p>\n","protected":false},"excerpt":{"rendered":"<p>&nbsp; &nbsp; &nbsp; Hier im Webshop k\u00f6nnen Sie EMESE, ungarische Paprika Schokolade, erwerben. Suchen Sie Ihren Liebling aus und bestellen Sie gleich noch heute. Entweder f\u00fcr Sie allein, oder als Geschenk f\u00fcr besondere Anl\u00e4sse. &nbsp; &nbsp; &nbsp; &nbsp; &nbsp; &nbsp; &nbsp; &nbsp; &nbsp; &nbsp; &nbsp; &nbsp;<\/p>\n","protected":false},"author":1,"featured_media":0,"parent":0,"menu_order":0,"comment_status":"closed","ping_status":"closed","template":"","meta":{"spay_email":""},"_links":{"self":[{"href":"https:\/\/emesepraline.at\/de\/video-cover\/wp-json\/wp\/v2\/pages\/46"}],"collection":[{"href":"https:\/\/emesepraline.at\/de\/video-cover\/wp-json\/wp\/v2\/pages"}],"about":[{"href":"https:\/\/emesepraline.at\/de\/video-cover\/wp-json\/wp\/v2\/types\/page"}],"author":[{"embeddable":true,"href":"https:\/\/emesepraline.at\/de\/video-cover\/wp-json\/wp\/v2\/users\/1"}],"replies":[{"embeddable":true,"href":"https:\/\/emesepraline.at\/de\/video-cover\/wp-json\/wp\/v2\/comments?post=46"}],"version-history":[{"count":13,"href":"https:\/\/emesepraline.at\/de\/video-cover\/wp-json\/wp\/v2\/pages\/46\/revisions"}],"predecessor-version":[{"id":683,"href":"https:\/\/emesepraline.at\/de\/video-cover\/wp-json\/wp\/v2\/pages\/46\/revisions\/683"}],"wp:attachment":[{"href":"https:\/\/emesepraline.at\/de\/video-cover\/wp-json\/wp\/v2\/media?parent=46"}],"curies":[{"name":"wp","href":"https:\/\/api.w.org\/{rel}","templated":true}]}}