{"id":878,"date":"2020-08-02T11:23:08","date_gmt":"2020-08-02T11:23:08","guid":{"rendered":"https:\/\/emesepraline.at\/?page_id=878"},"modified":"2021-02-11T10:59:14","modified_gmt":"2021-02-11T10:59:14","slug":"toertenet","status":"publish","type":"page","link":"https:\/\/emesepraline.at\/de\/video-cover\/hu\/toertenet\/","title":{"rendered":"T\u00f6rt\u00e9net"},"content":{"rendered":"<div class=\"page\" title=\"Page 1\">\n<p>&nbsp;<\/p>\n<div class=\"layoutArea\">\n<div class=\"column\">\n<p>&nbsp;<\/p>\n<p><em><strong>\u201eA pralin\u00e9 meg\u00e9des\u00edti az \u00e9letet st\u00edlussal \u00e9s eleganci\u00e1val.\u201d (Antal D. Emese)<\/strong><\/em><\/p>\n<\/div>\n<\/div>\n<\/div>\n<p><span class=\"Apple-converted-space\">\u00a0<\/span>Ma\u00eetre Chocolatier, Johannes F. Bachhalm \u00e9s j\u00f3magam m\u00e1r r\u00e9gebbr\u0151l ismert\u00fck a magyar \u0151r\u00f6lt paprika \u00e9s a friss kaka\u00f3bab k\u00fcl\u00f6nleges \u00edzvil\u00e1g\u00e1t. Tudtuk, hogy ez az \u00f6tv\u00f6zet nemes \u00edzpomp\u00e1v\u00e1 fon\u00f3dik \u00f6ssze.<span class=\"Apple-converted-space\">\u00a0<\/span><\/p>\n<p>Im\u00e1dattal teli precizit\u00e1ssal hoztunk l\u00e9tre egy olyan pralin\u00e9t, amely \u00e1ltal \u00e9letet lehelt\u00fcnk kezdeti \u00f6tlet\u00fcnkbe: EMESE \u2013 a magyar paprika pralin\u00e9, amit Johannes F. Bachhalm val\u00f3s\u00edtott meg.<span class=\"Apple-converted-space\">\u00a0<\/span><\/p>\n<p>&nbsp;<\/p>\n<div id='gallery-1' class='gallery galleryid-878 gallery-columns-2 gallery-size-thumbnail'><figure class='gallery-item'>\n\t\t\t<div class='gallery-icon landscape'>\n\t\t\t\t<a href='https:\/\/emesepraline.at\/wp-content\/uploads\/2021\/02\/Emese_03_Web_Q-scaled.jpg'><img width=\"280\" height=\"280\" src=\"https:\/\/emesepraline.at\/wp-content\/uploads\/2021\/02\/Emese_03_Web_Q-280x280.jpg\" class=\"attachment-thumbnail size-thumbnail\" alt=\"\" loading=\"lazy\" srcset=\"https:\/\/emesepraline.at\/wp-content\/uploads\/2021\/02\/Emese_03_Web_Q-280x280.jpg 280w, https:\/\/emesepraline.at\/wp-content\/uploads\/2021\/02\/Emese_03_Web_Q-400x400.jpg 400w, https:\/\/emesepraline.at\/wp-content\/uploads\/2021\/02\/Emese_03_Web_Q-800x800.jpg 800w, https:\/\/emesepraline.at\/wp-content\/uploads\/2021\/02\/Emese_03_Web_Q-768x768.jpg 768w, https:\/\/emesepraline.at\/wp-content\/uploads\/2021\/02\/Emese_03_Web_Q-1536x1536.jpg 1536w, https:\/\/emesepraline.at\/wp-content\/uploads\/2021\/02\/Emese_03_Web_Q-2048x2048.jpg 2048w, https:\/\/emesepraline.at\/wp-content\/uploads\/2021\/02\/Emese_03_Web_Q-144x144.jpg 144w, https:\/\/emesepraline.at\/wp-content\/uploads\/2021\/02\/Emese_03_Web_Q-510x510.jpg 510w, https:\/\/emesepraline.at\/wp-content\/uploads\/2021\/02\/Emese_03_Web_Q-100x100.jpg 100w, https:\/\/emesepraline.at\/wp-content\/uploads\/2021\/02\/Emese_03_Web_Q-64x64.jpg 64w, https:\/\/emesepraline.at\/wp-content\/uploads\/2021\/02\/Emese_03_Web_Q-60x60.jpg 60w, https:\/\/emesepraline.at\/wp-content\/uploads\/2021\/02\/Emese_03_Web_Q-90x90.jpg 90w\" sizes=\"(max-width: 280px) 100vw, 280px\" \/><\/a>\n\t\t\t<\/div><\/figure><figure class='gallery-item'>\n\t\t\t<div class='gallery-icon landscape'>\n\t\t\t\t<a href='https:\/\/emesepraline.at\/wp-content\/uploads\/2021\/02\/shutterstock_1169822356-Kopie-scaled.jpg'><img width=\"280\" height=\"280\" src=\"https:\/\/emesepraline.at\/wp-content\/uploads\/2021\/02\/shutterstock_1169822356-Kopie-280x280.jpg\" class=\"attachment-thumbnail size-thumbnail\" alt=\"\" loading=\"lazy\" srcset=\"https:\/\/emesepraline.at\/wp-content\/uploads\/2021\/02\/shutterstock_1169822356-Kopie-280x280.jpg 280w, https:\/\/emesepraline.at\/wp-content\/uploads\/2021\/02\/shutterstock_1169822356-Kopie-144x144.jpg 144w, https:\/\/emesepraline.at\/wp-content\/uploads\/2021\/02\/shutterstock_1169822356-Kopie-510x510.jpg 510w, https:\/\/emesepraline.at\/wp-content\/uploads\/2021\/02\/shutterstock_1169822356-Kopie-100x100.jpg 100w\" sizes=\"(max-width: 280px) 100vw, 280px\" \/><\/a>\n\t\t\t<\/div><\/figure>\n\t\t<\/div>\n\n<p>&nbsp;<\/p>\n<p><span class=\"Apple-converted-space\">\u00a0<\/span><b>EMESE \u2013 a magyar paprika pralin\u00e9<span class=\"Apple-converted-space\">\u00a0<\/span><\/b><\/p>\n<p>A pralin\u00e9 bemutatkozik: gy\u00f6ny\u00f6r\u0171 t\u00fczes v\u00f6r\u00f6s sz\u00edn, decens keser\u0171 csokol\u00e1d\u00e9, de ugyanakkor sziv\u00e9lyesen \u00e9des \u00edz, hiszen az \u0151r\u00f6lt paprika temperamentumos keser\u0171-\u00e9des, de m\u00e9gis t\u00fczesen vad\u00edt\u00f3 \u00edzvil\u00e1ga cs\u00e1rd\u00e1sra sz\u00f3l\u00edtja a csokol\u00e1d\u00e9t. \u0150k egy\u00fctt ellen\u00e1llhatatlanok, \u00e9s p\u00e1ratlan \u00e9lvezetet garant\u00e1lnak azoknak az \u00ednyenceknek, akik t\u00f6bbre v\u00e1gynak a puszt\u00e1n min\u0151s\u00e9gi csokol\u00e1d\u00e9n\u00e1l. Itt a sz\u00edv is t\u00e1ncra perd\u00fcl.<span class=\"Apple-converted-space\">\u00a0<\/span><\/p>\n<p>&nbsp;<\/p>\n<p><b><i>More than just a chocolate. Taste the Hungarian Spirit.\u201d<span class=\"Apple-converted-space\">\u00a0<\/span><\/i><\/b><\/p>\n<p><b><i>\u201eT\u00f6bb mint egy csokol\u00e1d\u00e9. K\u00f3stolja meg a magyar virtust!\u201d<span class=\"Apple-converted-space\">\u00a0<\/span><\/i><\/b><\/p>\n<p>&nbsp;<\/p>\n<div id='gallery-2' class='gallery galleryid-878 gallery-columns-2 gallery-size-thumbnail'><figure class='gallery-item'>\n\t\t\t<div class='gallery-icon landscape'>\n\t\t\t\t<a href='https:\/\/emesepraline.at\/wp-content\/uploads\/2021\/02\/Emese_neu-scaled.jpg'><img width=\"280\" height=\"280\" src=\"https:\/\/emesepraline.at\/wp-content\/uploads\/2021\/02\/Emese_neu-280x280.jpg\" class=\"attachment-thumbnail size-thumbnail\" alt=\"\" loading=\"lazy\" srcset=\"https:\/\/emesepraline.at\/wp-content\/uploads\/2021\/02\/Emese_neu-280x280.jpg 280w, https:\/\/emesepraline.at\/wp-content\/uploads\/2021\/02\/Emese_neu-400x400.jpg 400w, https:\/\/emesepraline.at\/wp-content\/uploads\/2021\/02\/Emese_neu-800x800.jpg 800w, https:\/\/emesepraline.at\/wp-content\/uploads\/2021\/02\/Emese_neu-768x768.jpg 768w, https:\/\/emesepraline.at\/wp-content\/uploads\/2021\/02\/Emese_neu-1536x1536.jpg 1536w, https:\/\/emesepraline.at\/wp-content\/uploads\/2021\/02\/Emese_neu-2048x2048.jpg 2048w, https:\/\/emesepraline.at\/wp-content\/uploads\/2021\/02\/Emese_neu-144x144.jpg 144w, https:\/\/emesepraline.at\/wp-content\/uploads\/2021\/02\/Emese_neu-510x510.jpg 510w, https:\/\/emesepraline.at\/wp-content\/uploads\/2021\/02\/Emese_neu-100x100.jpg 100w, https:\/\/emesepraline.at\/wp-content\/uploads\/2021\/02\/Emese_neu-64x64.jpg 64w, https:\/\/emesepraline.at\/wp-content\/uploads\/2021\/02\/Emese_neu-60x60.jpg 60w, https:\/\/emesepraline.at\/wp-content\/uploads\/2021\/02\/Emese_neu-90x90.jpg 90w\" sizes=\"(max-width: 280px) 100vw, 280px\" \/><\/a>\n\t\t\t<\/div><\/figure><figure class='gallery-item'>\n\t\t\t<div class='gallery-icon landscape'>\n\t\t\t\t<a href='https:\/\/emesepraline.at\/wp-content\/uploads\/2021\/02\/shutterstock_726159694-Kopie-1-scaled.jpg'><img width=\"280\" height=\"280\" src=\"https:\/\/emesepraline.at\/wp-content\/uploads\/2021\/02\/shutterstock_726159694-Kopie-1-280x280.jpg\" class=\"attachment-thumbnail size-thumbnail\" alt=\"\" loading=\"lazy\" srcset=\"https:\/\/emesepraline.at\/wp-content\/uploads\/2021\/02\/shutterstock_726159694-Kopie-1-280x280.jpg 280w, https:\/\/emesepraline.at\/wp-content\/uploads\/2021\/02\/shutterstock_726159694-Kopie-1-144x144.jpg 144w, https:\/\/emesepraline.at\/wp-content\/uploads\/2021\/02\/shutterstock_726159694-Kopie-1-510x510.jpg 510w, https:\/\/emesepraline.at\/wp-content\/uploads\/2021\/02\/shutterstock_726159694-Kopie-1-100x100.jpg 100w\" sizes=\"(max-width: 280px) 100vw, 280px\" \/><\/a>\n\t\t\t<\/div><\/figure>\n\t\t<\/div>\n\n<p>&nbsp;<\/p>\n<p><span class=\"Apple-converted-space\">\u00a0<\/span>Tudja, hogyan nyerhet betekint\u00e9st az ember a magyar lelkivil\u00e1g rejtelmeibe \u00e9s ismerheti meg a magyar mentalit\u00e1s sokoldal\u00fas\u00e1g\u00e1t? V\u00e1lassza desszertk\u00e9nt a pralin\u00e9t egy \u00e9get\u0151 magyar guly\u00e1sleves ut\u00e1n vagy \u00e9lvezze nemes \u00edzvil\u00e1g\u00e1t egy k\u00e1v\u00e9 t\u00e1rsas\u00e1g\u00e1ban! A piros paprika \u00edzbirodalma kibontakozik a teljes sz\u00e1j\u00fcreg\u00e9ben!<span class=\"Apple-converted-space\">\u00a0<\/span><\/p>\n<p>Azt mondj\u00e1k, a sajt bez\u00e1rja a gyomrot. Johannes \u00e9s j\u00f3magam pedig abban hisz\u00fcnk, hogy a paprik\u00e1s pralin\u00e9 megnyitja a sz\u00edvet \u00e9s nem lehet betelni vele.<span class=\"Apple-converted-space\">\u00a0<\/span><\/p>\n<p>Amit meg\u00e1lmodtunk az cs\u00edp\u0151s, nemesen \u00e9des, visszafogottan keser\u0171, mindek\u00f6zben fens\u00e9gesen kr\u00e9mes, ugyanakkor b\u00e1jos, friss kaka\u00f3bab illattal var\u00e1zsol el benn\u00fcnket, m\u00e1gikus \u00edzvil\u00e1g\u00e1t pedig \u00e1tj\u00e1rja a vitalit\u00e1ssal teli magyar paprika t\u00fczess\u00e9ge. A mutat\u00f3- \u00e9s a h\u00fcvelykujj<span class=\"Apple-converted-space\">\u00a0<\/span><\/p>\n<p>k\u00f6z\u00f6tt az \u00e9rint\u00e9se selymes, \u00e9s k\u00e9sz arra, hogy valamennyi \u00e9rz\u00e9kszerv\u00fcnk felfedezze \u0151t. Ez maga a magyar \u00e9let\u00f6r\u00f6m megtestes\u00edt\u00e9se.<span class=\"Apple-converted-space\">\u00a0<\/span><\/p>\n<p>A fenti gondolatok, meggy\u0151z\u0151d\u00e9sek \u00e9s benyom\u00e1sok, valamint a r\u00e9szletek ir\u00e1nti tisztelet vezetett el benn\u00fcnket a pralin\u00e9 megalkot\u00e1s\u00e1hoz.<span class=\"Apple-converted-space\">\u00a0<\/span><\/p>\n<p>&nbsp;<\/p>\n<p><b>\u201eMegbolond\u00edtva\u201d whiskyvel, rummal \u00e9s v\u00f6r\u00f6s borral<span class=\"Apple-converted-space\">\u00a0<\/span><\/b><\/p>\n<p>K\u00fcl\u00f6nleges k\u00eds\u00e9rleteink sor\u00e1n kipr\u00f3b\u00e1ltuk az EMESE paprik\u00e1s pralin\u00e9t whiskyvel, rummal \u00e9s v\u00f6r\u00f6s borral is. Ezek az \u00edzb\u00e9li tal\u00e1lkoz\u00e1sok is bizony\u00edtott\u00e1k, hogy fej\u00e9n tal\u00e1ltuk a sz\u00f6get term\u00e9k\u00fcnk meghat\u00e1roz\u00e1s\u00e1val \u2013 \u201e<i>More than just a chocolate. Taste the Hungarian Spirit<\/i>.\u201d<span class=\"Apple-converted-space\">\u00a0<\/span><\/p>\n<p>A magyar mentalit\u00e1s sokoldal\u00fa, viszont sosem vesz\u00edti el a vez\u00e9rfonalat, ahogy a paprik\u00e1s pralin\u00e9 sem vesz\u00edti el azt. Visszat\u00fckr\u00f6zi az \u00e9n j\u00e1t\u00e9kos lelkivil\u00e1gomat, valamint Johannes F. Bachhalm \u00e9vtizedeken \u00e1t\u00edvel\u0151 tapasztalat\u00e1t a csokol\u00e1d\u00e9gy\u00e1rt\u00e1s ter\u00fclet\u00e9n. Mester\u00fcnk hozz\u00e1\u00e9rt\u00e9s\u00e9t ugyanakkor sz\u00e1mos nemzetk\u00f6zi d\u00edj \u00e9s kit\u00fcntet\u00e9s is bizony\u00edtja, ez\u00e9rt m\u00e9lt\u00e1n viseli a Ma\u00eetre Chocolatier c\u00edmet.<span class=\"Apple-converted-space\">\u00a0<\/span><\/p>\n<p>Kellemes felfedez\u00e9st \u00e9s p\u00e1ratlan \u00e9lm\u00e9nyt k\u00edv\u00e1nok az EMESE Paprika Praline t\u00e1rsas\u00e1g\u00e1ban!<span class=\"Apple-converted-space\">\u00a0<\/span><\/p>\n<div id='gallery-3' class='gallery galleryid-878 gallery-columns-1 gallery-size-medium'><figure class='gallery-item'>\n\t\t\t<div class='gallery-icon landscape'>\n\t\t\t\t<a href='https:\/\/emesepraline.at\/wp-content\/uploads\/2021\/02\/Unterschrift_Emese-1.png'><img width=\"300\" height=\"169\" src=\"https:\/\/emesepraline.at\/wp-content\/uploads\/2021\/02\/Unterschrift_Emese-1.png\" class=\"attachment-medium size-medium\" alt=\"\" loading=\"lazy\" srcset=\"https:\/\/emesepraline.at\/wp-content\/uploads\/2021\/02\/Unterschrift_Emese-1.png 300w, https:\/\/emesepraline.at\/wp-content\/uploads\/2021\/02\/Unterschrift_Emese-1-64x36.png 64w, https:\/\/emesepraline.at\/wp-content\/uploads\/2021\/02\/Unterschrift_Emese-1-107x60.png 107w, https:\/\/emesepraline.at\/wp-content\/uploads\/2021\/02\/Unterschrift_Emese-1-160x90.png 160w\" sizes=\"(max-width: 300px) 100vw, 300px\" \/><\/a>\n\t\t\t<\/div><\/figure>\n\t\t<\/div>\n\n<p>&nbsp;<\/p>\n<p>Antal D. Emese<span class=\"Apple-converted-space\">\u00a0<\/span><\/p>\n","protected":false},"excerpt":{"rendered":"<p>&nbsp; &nbsp; \u201eA pralin\u00e9 meg\u00e9des\u00edti az \u00e9letet st\u00edlussal \u00e9s eleganci\u00e1val.\u201d (Antal D. Emese) \u00a0Ma\u00eetre Chocolatier, Johannes F. Bachhalm \u00e9s j\u00f3magam m\u00e1r r\u00e9gebbr\u0151l ismert\u00fck a magyar \u0151r\u00f6lt paprika \u00e9s a friss kaka\u00f3bab k\u00fcl\u00f6nleges \u00edzvil\u00e1g\u00e1t. Tudtuk, hogy ez az \u00f6tv\u00f6zet nemes \u00edzpomp\u00e1v\u00e1 fon\u00f3dik \u00f6ssze.\u00a0 Im\u00e1dattal teli precizit\u00e1ssal hoztunk l\u00e9tre egy olyan pralin\u00e9t, amely \u00e1ltal \u00e9letet lehelt\u00fcnk kezdeti [&#8230;]\n","protected":false},"author":1,"featured_media":0,"parent":0,"menu_order":0,"comment_status":"closed","ping_status":"closed","template":"","meta":{"spay_email":""},"_links":{"self":[{"href":"https:\/\/emesepraline.at\/de\/video-cover\/wp-json\/wp\/v2\/pages\/878"}],"collection":[{"href":"https:\/\/emesepraline.at\/de\/video-cover\/wp-json\/wp\/v2\/pages"}],"about":[{"href":"https:\/\/emesepraline.at\/de\/video-cover\/wp-json\/wp\/v2\/types\/page"}],"author":[{"embeddable":true,"href":"https:\/\/emesepraline.at\/de\/video-cover\/wp-json\/wp\/v2\/users\/1"}],"replies":[{"embeddable":true,"href":"https:\/\/emesepraline.at\/de\/video-cover\/wp-json\/wp\/v2\/comments?post=878"}],"version-history":[{"count":12,"href":"https:\/\/emesepraline.at\/de\/video-cover\/wp-json\/wp\/v2\/pages\/878\/revisions"}],"predecessor-version":[{"id":1015,"href":"https:\/\/emesepraline.at\/de\/video-cover\/wp-json\/wp\/v2\/pages\/878\/revisions\/1015"}],"wp:attachment":[{"href":"https:\/\/emesepraline.at\/de\/video-cover\/wp-json\/wp\/v2\/media?parent=878"}],"curies":[{"name":"wp","href":"https:\/\/api.w.org\/{rel}","templated":true}]}}