{"id":893,"date":"2020-08-02T11:38:39","date_gmt":"2020-08-02T11:38:39","guid":{"rendered":"https:\/\/emesepraline.at\/?page_id=893"},"modified":"2020-08-03T17:05:25","modified_gmt":"2020-08-03T17:05:25","slug":"webshop-3","status":"publish","type":"page","link":"https:\/\/emesepraline.at\/de\/video-cover\/hu\/webshop-3\/","title":{"rendered":"Webshop"},"content":{"rendered":"<p>&nbsp;<\/p>\n<p>&nbsp;<\/p>\n<p>&nbsp;<\/p>\n<p><a href=\"https:\/\/emesepraline.at\/de\/video-cover\/hu\/uzlet\/\">Itt<\/a> a Webshop-ban megrendelhet\u00f6 az EMESE &#8211; magyar paprika pralin\u00e9. V\u00e1laszthat kedvencei k\u00f6z\u00fcl mind aj\u00e1nd\u00e9k k\u00fcl\u00f6nleges alkalmakra, vagy saj\u00e1t fogyaszt\u00e1sra.<\/p>\n<p>&nbsp;<\/p>\n<p>&nbsp;<\/p>\n<p>&nbsp;<\/p>\n<p>&nbsp;<\/p>\n<p>&nbsp;<\/p>\n<p>&nbsp;<\/p>\n<p>&nbsp;<\/p>\n<p>&nbsp;<\/p>\n<p>&nbsp;<\/p>\n<p>&nbsp;<\/p>\n<p>&nbsp;<\/p>\n<p>&nbsp;<\/p>\n<p>&nbsp;<\/p>\n","protected":false},"excerpt":{"rendered":"<p>&nbsp; &nbsp; &nbsp; Itt a Webshop-ban megrendelhet\u00f6 az EMESE &#8211; magyar paprika pralin\u00e9. V\u00e1laszthat kedvencei k\u00f6z\u00fcl mind aj\u00e1nd\u00e9k k\u00fcl\u00f6nleges alkalmakra, vagy saj\u00e1t fogyaszt\u00e1sra. &nbsp; &nbsp; &nbsp; &nbsp; &nbsp; &nbsp; &nbsp; &nbsp; &nbsp; &nbsp; &nbsp; &nbsp; &nbsp;<\/p>\n","protected":false},"author":1,"featured_media":0,"parent":0,"menu_order":0,"comment_status":"closed","ping_status":"closed","template":"","meta":{"spay_email":""},"_links":{"self":[{"href":"https:\/\/emesepraline.at\/de\/video-cover\/wp-json\/wp\/v2\/pages\/893"}],"collection":[{"href":"https:\/\/emesepraline.at\/de\/video-cover\/wp-json\/wp\/v2\/pages"}],"about":[{"href":"https:\/\/emesepraline.at\/de\/video-cover\/wp-json\/wp\/v2\/types\/page"}],"author":[{"embeddable":true,"href":"https:\/\/emesepraline.at\/de\/video-cover\/wp-json\/wp\/v2\/users\/1"}],"replies":[{"embeddable":true,"href":"https:\/\/emesepraline.at\/de\/video-cover\/wp-json\/wp\/v2\/comments?post=893"}],"version-history":[{"count":8,"href":"https:\/\/emesepraline.at\/de\/video-cover\/wp-json\/wp\/v2\/pages\/893\/revisions"}],"predecessor-version":[{"id":960,"href":"https:\/\/emesepraline.at\/de\/video-cover\/wp-json\/wp\/v2\/pages\/893\/revisions\/960"}],"wp:attachment":[{"href":"https:\/\/emesepraline.at\/de\/video-cover\/wp-json\/wp\/v2\/media?parent=893"}],"curies":[{"name":"wp","href":"https:\/\/api.w.org\/{rel}","templated":true}]}}