{"id":905,"date":"2020-08-02T11:59:26","date_gmt":"2020-08-02T11:59:26","guid":{"rendered":"https:\/\/emesepraline.at\/?page_id=905"},"modified":"2020-08-02T12:00:16","modified_gmt":"2020-08-02T12:00:16","slug":"elerhetosegek","status":"publish","type":"page","link":"https:\/\/emesepraline.at\/de\/video-cover\/hu\/elerhetosegek\/","title":{"rendered":"El\u00e9rhet\u0151s\u00e9gek"},"content":{"rendered":"<p>&nbsp;<\/p>\n<p>\u00d6r\u00f6m\u00fcnkre szolg\u00e1l az EMESE, magyar paprik\u00e1s pralin\u00e9val kapcsolatos k\u00e9rd\u00e9seket megv\u00e1laszolni. K\u00e9rem, jelentkezzen az al\u00e1bbi el\u00e9rhet\u0151s\u00e9geken:<span class=\"Apple-converted-space\">\u00a0<\/span><\/p>\n<p>&nbsp;<\/p>\n<p><a href=\"mailto:emese@emesepraline.at\">emese@emesepraline.at<\/a><\/p>\n<p>+43 650 5873980\u202c<\/p>\n<p>&nbsp;<\/p>\n<p>&nbsp;<\/p>\n<p>&nbsp;<\/p>\n<p>&nbsp;<\/p>\n<p>&nbsp;<\/p>\n<p>&nbsp;<\/p>\n<p>&nbsp;<\/p>\n<p>&nbsp;<\/p>\n<p>&nbsp;<\/p>\n<p>&nbsp;<\/p>\n<p>&nbsp;<\/p>\n<p>&nbsp;<\/p>\n","protected":false},"excerpt":{"rendered":"<p>&nbsp; \u00d6r\u00f6m\u00fcnkre szolg\u00e1l az EMESE, magyar paprik\u00e1s pralin\u00e9val kapcsolatos k\u00e9rd\u00e9seket megv\u00e1laszolni. K\u00e9rem, jelentkezzen az al\u00e1bbi el\u00e9rhet\u0151s\u00e9geken:\u00a0 &nbsp; emese@emesepraline.at +43 650 5873980\u202c &nbsp; &nbsp; &nbsp; &nbsp; &nbsp; &nbsp; &nbsp; &nbsp; &nbsp; &nbsp; &nbsp; &nbsp;<\/p>\n","protected":false},"author":1,"featured_media":0,"parent":0,"menu_order":0,"comment_status":"closed","ping_status":"closed","template":"","meta":{"spay_email":""},"_links":{"self":[{"href":"https:\/\/emesepraline.at\/de\/video-cover\/wp-json\/wp\/v2\/pages\/905"}],"collection":[{"href":"https:\/\/emesepraline.at\/de\/video-cover\/wp-json\/wp\/v2\/pages"}],"about":[{"href":"https:\/\/emesepraline.at\/de\/video-cover\/wp-json\/wp\/v2\/types\/page"}],"author":[{"embeddable":true,"href":"https:\/\/emesepraline.at\/de\/video-cover\/wp-json\/wp\/v2\/users\/1"}],"replies":[{"embeddable":true,"href":"https:\/\/emesepraline.at\/de\/video-cover\/wp-json\/wp\/v2\/comments?post=905"}],"version-history":[{"count":5,"href":"https:\/\/emesepraline.at\/de\/video-cover\/wp-json\/wp\/v2\/pages\/905\/revisions"}],"predecessor-version":[{"id":910,"href":"https:\/\/emesepraline.at\/de\/video-cover\/wp-json\/wp\/v2\/pages\/905\/revisions\/910"}],"wp:attachment":[{"href":"https:\/\/emesepraline.at\/de\/video-cover\/wp-json\/wp\/v2\/media?parent=905"}],"curies":[{"name":"wp","href":"https:\/\/api.w.org\/{rel}","templated":true}]}}