{"id":923,"date":"2020-08-02T18:02:07","date_gmt":"2020-08-02T18:02:07","guid":{"rendered":"https:\/\/emesepraline.at\/?page_id=923"},"modified":"2020-08-03T17:00:36","modified_gmt":"2020-08-03T17:00:36","slug":"impresszum","status":"publish","type":"page","link":"https:\/\/emesepraline.at\/de\/video-cover\/hu\/impresszum\/","title":{"rendered":"Impresszum"},"content":{"rendered":"<h1><\/h1>\n<p>&nbsp;<\/p>\n<h1>EMESE PAPRIKA PRALINE<\/h1>\n<p><strong>Emese D\u00f6rfler-Antal<\/strong><\/p>\n<p>Goethestr.13<\/p>\n<p>6020 Innsbruck<\/p>\n<p>+43 650 5873980<\/p>\n<p>Mail:\u00a0<a href=\"mailto:emese@emesepraline.at\">emese@emesepraline.at<\/a><br \/>\nWeb:\u00a0<a href=\"http:\/\/www.emesepraline.at\/\">www.emesepraline.at<\/a><\/p>\n<p>UID sz\u00e1m: ATU 64236428<\/p>\n<p>Bank adatok: Raiffeisenbank Westliches Mittelgebirge<\/p>\n<p>BIC: RZOOAT2L111<br \/>\nIBAN: AT76 3411 1002 0052 9743<\/p>\n<h2>Tervez\u00e9s \u00e9s program\u00e1l\u00e1s<\/h2>\n<p><strong>Verena Tscherner, Bakk.art<\/strong><\/p>\n<p>Mail:\u00a0<a href=\"mailto:studio@verenatscherner.com%0b\">studio@verenatscherner.com<br \/>\n<\/a>Web:\u00a0<a href=\"http:\/\/www.verenatscherner.com\/\">www.verenatscherner.com<\/a><\/p>\n<p>&nbsp;<\/p>\n<p>Az adatv\u00e9delmi informaci\u00f3k <a href=\"https:\/\/emesepraline.at\/de\/privacy-policy\/\"><u>itt tal\u00e1lhat\u00f3k.<\/u><\/a><\/p>\n<p>&nbsp;<\/p>\n","protected":false},"excerpt":{"rendered":"<p>&nbsp; EMESE PAPRIKA PRALINE Emese D\u00f6rfler-Antal Goethestr.13 6020 Innsbruck +43 650 5873980 Mail:\u00a0emese@emesepraline.at Web:\u00a0www.emesepraline.at UID sz\u00e1m: ATU 64236428 Bank adatok: Raiffeisenbank Westliches Mittelgebirge BIC: RZOOAT2L111 IBAN: AT76 3411 1002 0052 9743 Tervez\u00e9s \u00e9s program\u00e1l\u00e1s Verena Tscherner, Bakk.art Mail:\u00a0studio@verenatscherner.com Web:\u00a0www.verenatscherner.com &nbsp; Az adatv\u00e9delmi informaci\u00f3k itt tal\u00e1lhat\u00f3k. &nbsp;<\/p>\n","protected":false},"author":1,"featured_media":0,"parent":0,"menu_order":0,"comment_status":"closed","ping_status":"closed","template":"","meta":{"spay_email":""},"_links":{"self":[{"href":"https:\/\/emesepraline.at\/de\/video-cover\/wp-json\/wp\/v2\/pages\/923"}],"collection":[{"href":"https:\/\/emesepraline.at\/de\/video-cover\/wp-json\/wp\/v2\/pages"}],"about":[{"href":"https:\/\/emesepraline.at\/de\/video-cover\/wp-json\/wp\/v2\/types\/page"}],"author":[{"embeddable":true,"href":"https:\/\/emesepraline.at\/de\/video-cover\/wp-json\/wp\/v2\/users\/1"}],"replies":[{"embeddable":true,"href":"https:\/\/emesepraline.at\/de\/video-cover\/wp-json\/wp\/v2\/comments?post=923"}],"version-history":[{"count":11,"href":"https:\/\/emesepraline.at\/de\/video-cover\/wp-json\/wp\/v2\/pages\/923\/revisions"}],"predecessor-version":[{"id":935,"href":"https:\/\/emesepraline.at\/de\/video-cover\/wp-json\/wp\/v2\/pages\/923\/revisions\/935"}],"wp:attachment":[{"href":"https:\/\/emesepraline.at\/de\/video-cover\/wp-json\/wp\/v2\/media?parent=923"}],"curies":[{"name":"wp","href":"https:\/\/api.w.org\/{rel}","templated":true}]}}