{"id":147,"date":"2020-04-09T07:25:56","date_gmt":"2020-04-09T07:25:56","guid":{"rendered":"https:\/\/emesepraline.at\/?post_type=product&#038;p=147"},"modified":"2020-08-03T16:52:16","modified_gmt":"2020-08-03T16:52:16","slug":"suess-klein-5-stueck","status":"publish","type":"product","link":"https:\/\/emesepraline.at\/de\/video-cover\/hu\/shop\/suess-klein-5-stueck\/","title":{"rendered":"\u00e9des \u2013 kicsi (5 darab)"},"content":{"rendered":"<div id='gallery-1' class='gallery galleryid-147 gallery-columns-3 gallery-size-thumbnail'><figure class='gallery-item'>\n\t\t\t<div class='gallery-icon portrait'>\n\t\t\t\t<a href='https:\/\/emesepraline.at\/wp-content\/uploads\/2020\/05\/Emese_06_neu-scaled.jpg'><img width=\"150\" height=\"150\" src=\"https:\/\/emesepraline.at\/wp-content\/uploads\/2020\/05\/Emese_06_neu-150x150.jpg\" class=\"attachment-thumbnail size-thumbnail\" alt=\"\" loading=\"lazy\" srcset=\"https:\/\/emesepraline.at\/wp-content\/uploads\/2020\/05\/Emese_06_neu-150x150.jpg 150w, https:\/\/emesepraline.at\/wp-content\/uploads\/2020\/05\/Emese_06_neu-scaled-510x510.jpg 510w, https:\/\/emesepraline.at\/wp-content\/uploads\/2020\/05\/Emese_06_neu-scaled-100x100.jpg 100w\" sizes=\"(max-width: 150px) 100vw, 150px\" \/><\/a>\n\t\t\t<\/div><\/figure><figure class='gallery-item'>\n\t\t\t<div class='gallery-icon landscape'>\n\t\t\t\t<a href='https:\/\/emesepraline.at\/wp-content\/uploads\/2020\/04\/Emese_05_neu-scaled.jpg'><img width=\"150\" height=\"150\" src=\"https:\/\/emesepraline.at\/wp-content\/uploads\/2020\/04\/Emese_05_neu-150x150.jpg\" class=\"attachment-thumbnail size-thumbnail\" alt=\"\" loading=\"lazy\" srcset=\"https:\/\/emesepraline.at\/wp-content\/uploads\/2020\/04\/Emese_05_neu-150x150.jpg 150w, https:\/\/emesepraline.at\/wp-content\/uploads\/2020\/04\/Emese_05_neu-scaled-510x510.jpg 510w, https:\/\/emesepraline.at\/wp-content\/uploads\/2020\/04\/Emese_05_neu-scaled-100x100.jpg 100w\" sizes=\"(max-width: 150px) 100vw, 150px\" \/><\/a>\n\t\t\t<\/div><\/figure><figure class='gallery-item'>\n\t\t\t<div class='gallery-icon landscape'>\n\t\t\t\t<a href='https:\/\/emesepraline.at\/wp-content\/uploads\/2020\/05\/Emese_neu-scaled.jpg'><img width=\"150\" height=\"150\" src=\"https:\/\/emesepraline.at\/wp-content\/uploads\/2020\/05\/Emese_neu-150x150.jpg\" class=\"attachment-thumbnail size-thumbnail\" alt=\"\" loading=\"lazy\" srcset=\"https:\/\/emesepraline.at\/wp-content\/uploads\/2020\/05\/Emese_neu-150x150.jpg 150w, https:\/\/emesepraline.at\/wp-content\/uploads\/2020\/05\/Emese_neu-scaled-510x510.jpg 510w, https:\/\/emesepraline.at\/wp-content\/uploads\/2020\/05\/Emese_neu-scaled-100x100.jpg 100w, https:\/\/emesepraline.at\/wp-content\/uploads\/2020\/05\/Emese_neu-scaled-64x64.jpg 64w, https:\/\/emesepraline.at\/wp-content\/uploads\/2020\/05\/Emese_neu-300x300.jpg 300w, https:\/\/emesepraline.at\/wp-content\/uploads\/2020\/05\/Emese_neu-1024x1024.jpg 1024w, https:\/\/emesepraline.at\/wp-content\/uploads\/2020\/05\/Emese_neu-768x768.jpg 768w, https:\/\/emesepraline.at\/wp-content\/uploads\/2020\/05\/Emese_neu-1536x1536.jpg 1536w, https:\/\/emesepraline.at\/wp-content\/uploads\/2020\/05\/Emese_neu-2048x2048.jpg 2048w\" sizes=\"(max-width: 150px) 100vw, 150px\" \/><\/a>\n\t\t\t<\/div><\/figure>\n\t\t<\/div>\n\n","protected":false},"excerpt":{"rendered":"<div class=\"page\" title=\"Page 3\">\n<div class=\"layoutArea\">\n<div class=\"column\">\n<p>Rendelje meg az Emese, magyar paprik\u00e1s pralin\u00e9 \u00e9des v\u00e1ltozat\u00e1t kis kiszerel\u00e9sben (5 darab).<\/p>\n<\/div>\n<\/div>\n<\/div>\n","protected":false},"featured_media":788,"template":"","meta":{"spay_email":""},"product_cat":[18],"product_tag":[],"_links":{"self":[{"href":"https:\/\/emesepraline.at\/de\/video-cover\/wp-json\/wp\/v2\/product\/147"}],"collection":[{"href":"https:\/\/emesepraline.at\/de\/video-cover\/wp-json\/wp\/v2\/product"}],"about":[{"href":"https:\/\/emesepraline.at\/de\/video-cover\/wp-json\/wp\/v2\/types\/product"}],"wp:featuredmedia":[{"embeddable":true,"href":"https:\/\/emesepraline.at\/de\/video-cover\/wp-json\/wp\/v2\/media\/788"}],"wp:attachment":[{"href":"https:\/\/emesepraline.at\/de\/video-cover\/wp-json\/wp\/v2\/media?parent=147"}],"wp:term":[{"taxonomy":"product_cat","embeddable":true,"href":"https:\/\/emesepraline.at\/de\/video-cover\/wp-json\/wp\/v2\/product_cat?post=147"},{"taxonomy":"product_tag","embeddable":true,"href":"https:\/\/emesepraline.at\/de\/video-cover\/wp-json\/wp\/v2\/product_tag?post=147"}],"curies":[{"name":"wp","href":"https:\/\/api.w.org\/{rel}","templated":true}]}}