{"id":163,"date":"2020-04-09T07:55:48","date_gmt":"2020-04-09T07:55:48","guid":{"rendered":"https:\/\/emesepraline.at\/?post_type=product&#038;p=163"},"modified":"2021-02-11T11:07:21","modified_gmt":"2021-02-11T11:07:21","slug":"suess-gross-60stueckerwerben-sie-die-suesse-variante-von-emese-ungarische-paprika-praline-in-der-grossen-packung-60-stueck","status":"publish","type":"product","link":"https:\/\/emesepraline.at\/de\/video-cover\/shop\/suess-gross-60stueckerwerben-sie-die-suesse-variante-von-emese-ungarische-paprika-praline-in-der-grossen-packung-60-stueck\/","title":{"rendered":"S\u00fc\u00df &#8211; Gro\u00df (60St\u00fcck)"},"content":{"rendered":"<div id='gallery-1' class='gallery galleryid-163 gallery-columns-2 gallery-size-thumbnail'><figure class='gallery-item'>\n\t\t\t<div class='gallery-icon landscape'>\n\t\t\t\t<a href='https:\/\/emesepraline.at\/wp-content\/uploads\/2020\/04\/Emese_01_meu-scaled.jpg'><img width=\"150\" height=\"150\" src=\"https:\/\/emesepraline.at\/wp-content\/uploads\/2020\/04\/Emese_01_meu-150x150.jpg\" class=\"attachment-thumbnail size-thumbnail\" alt=\"\" loading=\"lazy\" srcset=\"https:\/\/emesepraline.at\/wp-content\/uploads\/2020\/04\/Emese_01_meu-150x150.jpg 150w, https:\/\/emesepraline.at\/wp-content\/uploads\/2020\/04\/Emese_01_meu-scaled-510x510.jpg 510w, https:\/\/emesepraline.at\/wp-content\/uploads\/2020\/04\/Emese_01_meu-scaled-100x100.jpg 100w\" sizes=\"(max-width: 150px) 100vw, 150px\" \/><\/a>\n\t\t\t<\/div><\/figure><figure class='gallery-item'>\n\t\t\t<div class='gallery-icon landscape'>\n\t\t\t\t<a href='https:\/\/emesepraline.at\/wp-content\/uploads\/2020\/05\/cropped-Emese_neu_k.jpg'><img width=\"150\" height=\"150\" src=\"https:\/\/emesepraline.at\/wp-content\/uploads\/2020\/05\/cropped-Emese_neu_k-150x150.jpg\" class=\"attachment-thumbnail size-thumbnail\" alt=\"\" loading=\"lazy\" srcset=\"https:\/\/emesepraline.at\/wp-content\/uploads\/2020\/05\/cropped-Emese_neu_k-150x150.jpg 150w, https:\/\/emesepraline.at\/wp-content\/uploads\/2020\/05\/cropped-Emese_neu_k-510x510.jpg 510w, https:\/\/emesepraline.at\/wp-content\/uploads\/2020\/05\/cropped-Emese_neu_k-100x100.jpg 100w, https:\/\/emesepraline.at\/wp-content\/uploads\/2020\/05\/cropped-Emese_neu_k-64x64.jpg 64w, https:\/\/emesepraline.at\/wp-content\/uploads\/2020\/05\/cropped-Emese_neu_k-300x300.jpg 300w, https:\/\/emesepraline.at\/wp-content\/uploads\/2020\/05\/cropped-Emese_neu_k-1024x1024.jpg 1024w, https:\/\/emesepraline.at\/wp-content\/uploads\/2020\/05\/cropped-Emese_neu_k-768x768.jpg 768w, https:\/\/emesepraline.at\/wp-content\/uploads\/2020\/05\/cropped-Emese_neu_k-1536x1536.jpg 1536w, https:\/\/emesepraline.at\/wp-content\/uploads\/2020\/05\/cropped-Emese_neu_k.jpg 2000w\" sizes=\"(max-width: 150px) 100vw, 150px\" \/><\/a>\n\t\t\t<\/div><\/figure>\n\t\t<\/div>\n\n","protected":false},"excerpt":{"rendered":"<p>Erwerben Sie die s\u00fc\u00dfe Variante von Emese, ungarische Paprika Praline, in der gro\u00dfen Packung (60 St\u00fcck).<\/p>\n","protected":false},"featured_media":182,"template":"","meta":{"spay_email":""},"product_cat":[18],"product_tag":[],"_links":{"self":[{"href":"https:\/\/emesepraline.at\/de\/video-cover\/wp-json\/wp\/v2\/product\/163"}],"collection":[{"href":"https:\/\/emesepraline.at\/de\/video-cover\/wp-json\/wp\/v2\/product"}],"about":[{"href":"https:\/\/emesepraline.at\/de\/video-cover\/wp-json\/wp\/v2\/types\/product"}],"wp:featuredmedia":[{"embeddable":true,"href":"https:\/\/emesepraline.at\/de\/video-cover\/wp-json\/wp\/v2\/media\/182"}],"wp:attachment":[{"href":"https:\/\/emesepraline.at\/de\/video-cover\/wp-json\/wp\/v2\/media?parent=163"}],"wp:term":[{"taxonomy":"product_cat","embeddable":true,"href":"https:\/\/emesepraline.at\/de\/video-cover\/wp-json\/wp\/v2\/product_cat?post=163"},{"taxonomy":"product_tag","embeddable":true,"href":"https:\/\/emesepraline.at\/de\/video-cover\/wp-json\/wp\/v2\/product_tag?post=163"}],"curies":[{"name":"wp","href":"https:\/\/api.w.org\/{rel}","templated":true}]}}