{"id":954,"date":"2020-08-03T16:53:48","date_gmt":"2020-08-03T16:53:48","guid":{"rendered":"https:\/\/emesepraline.at\/de\/video-cover\/?post_type=product&#038;p=954"},"modified":"2021-02-11T11:11:23","modified_gmt":"2021-02-11T11:11:23","slug":"suess-klein-5-stueck-2","status":"publish","type":"product","link":"https:\/\/emesepraline.at\/de\/video-cover\/shop\/suess-klein-5-stueck-2\/","title":{"rendered":"S\u00fc\u00df \u2013 Klein (5 St\u00fcck)"},"content":{"rendered":"<div id='gallery-1' class='gallery galleryid-954 gallery-columns-3 gallery-size-thumbnail'><figure class='gallery-item'>\n\t\t\t<div class='gallery-icon portrait'>\n\t\t\t\t<a href='https:\/\/emesepraline.at\/wp-content\/uploads\/2020\/04\/Emese_06_neu-scaled.jpg'><img width=\"280\" height=\"280\" src=\"https:\/\/emesepraline.at\/wp-content\/uploads\/2020\/04\/Emese_06_neu-280x280.jpg\" class=\"attachment-thumbnail size-thumbnail\" alt=\"\" loading=\"lazy\" srcset=\"https:\/\/emesepraline.at\/wp-content\/uploads\/2020\/04\/Emese_06_neu-280x280.jpg 280w, https:\/\/emesepraline.at\/wp-content\/uploads\/2020\/04\/Emese_06_neu-144x144.jpg 144w, https:\/\/emesepraline.at\/wp-content\/uploads\/2020\/04\/Emese_06_neu-510x510.jpg 510w, https:\/\/emesepraline.at\/wp-content\/uploads\/2020\/04\/Emese_06_neu-100x100.jpg 100w\" sizes=\"(max-width: 280px) 100vw, 280px\" \/><\/a>\n\t\t\t<\/div><\/figure><figure class='gallery-item'>\n\t\t\t<div class='gallery-icon landscape'>\n\t\t\t\t<a href='https:\/\/emesepraline.at\/wp-content\/uploads\/2020\/04\/Emese_05_neu-1-scaled.jpg'><img width=\"280\" height=\"280\" src=\"https:\/\/emesepraline.at\/wp-content\/uploads\/2020\/04\/Emese_05_neu-1-280x280.jpg\" class=\"attachment-thumbnail size-thumbnail\" alt=\"\" loading=\"lazy\" srcset=\"https:\/\/emesepraline.at\/wp-content\/uploads\/2020\/04\/Emese_05_neu-1-280x280.jpg 280w, https:\/\/emesepraline.at\/wp-content\/uploads\/2020\/04\/Emese_05_neu-1-144x144.jpg 144w, https:\/\/emesepraline.at\/wp-content\/uploads\/2020\/04\/Emese_05_neu-1-510x510.jpg 510w, https:\/\/emesepraline.at\/wp-content\/uploads\/2020\/04\/Emese_05_neu-1-100x100.jpg 100w\" sizes=\"(max-width: 280px) 100vw, 280px\" \/><\/a>\n\t\t\t<\/div><\/figure><figure class='gallery-item'>\n\t\t\t<div class='gallery-icon landscape'>\n\t\t\t\t<a href='https:\/\/emesepraline.at\/wp-content\/uploads\/2020\/04\/Emese_neu-1-scaled.jpg'><img width=\"280\" height=\"280\" src=\"https:\/\/emesepraline.at\/wp-content\/uploads\/2020\/04\/Emese_neu-1-280x280.jpg\" class=\"attachment-thumbnail size-thumbnail\" alt=\"\" loading=\"lazy\" srcset=\"https:\/\/emesepraline.at\/wp-content\/uploads\/2020\/04\/Emese_neu-1-280x280.jpg 280w, https:\/\/emesepraline.at\/wp-content\/uploads\/2020\/04\/Emese_neu-1-400x400.jpg 400w, https:\/\/emesepraline.at\/wp-content\/uploads\/2020\/04\/Emese_neu-1-800x800.jpg 800w, https:\/\/emesepraline.at\/wp-content\/uploads\/2020\/04\/Emese_neu-1-768x768.jpg 768w, https:\/\/emesepraline.at\/wp-content\/uploads\/2020\/04\/Emese_neu-1-1536x1536.jpg 1536w, https:\/\/emesepraline.at\/wp-content\/uploads\/2020\/04\/Emese_neu-1-2048x2048.jpg 2048w, https:\/\/emesepraline.at\/wp-content\/uploads\/2020\/04\/Emese_neu-1-144x144.jpg 144w, https:\/\/emesepraline.at\/wp-content\/uploads\/2020\/04\/Emese_neu-1-510x510.jpg 510w, https:\/\/emesepraline.at\/wp-content\/uploads\/2020\/04\/Emese_neu-1-100x100.jpg 100w, https:\/\/emesepraline.at\/wp-content\/uploads\/2020\/04\/Emese_neu-1-64x64.jpg 64w, https:\/\/emesepraline.at\/wp-content\/uploads\/2020\/04\/Emese_neu-1-60x60.jpg 60w, https:\/\/emesepraline.at\/wp-content\/uploads\/2020\/04\/Emese_neu-1-90x90.jpg 90w\" sizes=\"(max-width: 280px) 100vw, 280px\" \/><\/a>\n\t\t\t<\/div><\/figure>\n\t\t<\/div>\n\n","protected":false},"excerpt":{"rendered":"<p>Erwerben Sie die s\u00fc\u00dfe Variante von Emese, ungarische Paprika Praline, in der kleinen Packung (5 St\u00fcck).<\/p>\n","protected":false},"featured_media":788,"template":"","meta":{"spay_email":""},"product_cat":[18],"product_tag":[],"_links":{"self":[{"href":"https:\/\/emesepraline.at\/de\/video-cover\/wp-json\/wp\/v2\/product\/954"}],"collection":[{"href":"https:\/\/emesepraline.at\/de\/video-cover\/wp-json\/wp\/v2\/product"}],"about":[{"href":"https:\/\/emesepraline.at\/de\/video-cover\/wp-json\/wp\/v2\/types\/product"}],"wp:featuredmedia":[{"embeddable":true,"href":"https:\/\/emesepraline.at\/de\/video-cover\/wp-json\/wp\/v2\/media\/788"}],"wp:attachment":[{"href":"https:\/\/emesepraline.at\/de\/video-cover\/wp-json\/wp\/v2\/media?parent=954"}],"wp:term":[{"taxonomy":"product_cat","embeddable":true,"href":"https:\/\/emesepraline.at\/de\/video-cover\/wp-json\/wp\/v2\/product_cat?post=954"},{"taxonomy":"product_tag","embeddable":true,"href":"https:\/\/emesepraline.at\/de\/video-cover\/wp-json\/wp\/v2\/product_tag?post=954"}],"curies":[{"name":"wp","href":"https:\/\/api.w.org\/{rel}","templated":true}]}}